{"id":2703,"date":"2024-08-29T10:53:13","date_gmt":"2024-08-29T08:53:13","guid":{"rendered":"https:\/\/bembomhoeve.nl\/?page_id=2703"},"modified":"2026-04-13T12:07:17","modified_gmt":"2026-04-13T10:07:17","slug":"bembom-farm","status":"publish","type":"page","link":"https:\/\/bembomhoeve.nl\/de\/","title":{"rendered":"Bembom Hoeve"},"content":{"rendered":"<div data-elementor-type=\"wp-page\" data-elementor-id=\"2703\" class=\"elementor elementor-2703\" data-elementor-post-type=\"page\">\n\t\t\t\t\t\t<section class=\"elementor-section elementor-top-section elementor-element elementor-element-d02619b elementor-section-full_width elementor-section-height-min-height elementor-section-items-bottom elementor-section-height-default\" data-id=\"d02619b\" data-element_type=\"section\" data-e-type=\"section\" data-settings=\"{&quot;background_background&quot;:&quot;classic&quot;}\">\n\t\t\t\t\t\t<div class=\"elementor-container elementor-column-gap-no\">\n\t\t\t\t\t<div class=\"elementor-column elementor-col-100 elementor-top-column elementor-element elementor-element-f8c0c62\" data-id=\"f8c0c62\" data-element_type=\"column\" data-e-type=\"column\">\n\t\t\t<div class=\"elementor-widget-wrap elementor-element-populated\">\n\t\t\t\t\t\t<div class=\"elementor-element elementor-element-7bd1779 elementor-widget-tablet__width-initial elementor-widget elementor-widget-heading\" data-id=\"7bd1779\" data-element_type=\"widget\" data-e-type=\"widget\" data-widget_type=\"heading.default\">\n\t\t\t\t<div class=\"elementor-widget-container\">\n\t\t\t\t\t<h2 class=\"elementor-heading-title elementor-size-default\">Willkommen auf der Bembom Hoeve!<\/h2>\t\t\t\t<\/div>\n\t\t\t\t<\/div>\n\t\t\t\t\t<\/div>\n\t\t<\/div>\n\t\t\t\t\t<\/div>\n\t\t<\/section>\n\t\t\t\t<section class=\"elementor-section elementor-top-section elementor-element elementor-element-60be5f4 elementor-section-boxed elementor-section-height-default elementor-section-height-default\" data-id=\"60be5f4\" data-element_type=\"section\" data-e-type=\"section\" data-settings=\"{&quot;background_background&quot;:&quot;classic&quot;}\">\n\t\t\t\t\t\t<div class=\"elementor-container elementor-column-gap-default\">\n\t\t\t\t\t<div class=\"elementor-column elementor-col-33 elementor-top-column elementor-element elementor-element-6df5557\" data-id=\"6df5557\" data-element_type=\"column\" data-e-type=\"column\" data-settings=\"{&quot;background_background&quot;:&quot;classic&quot;}\">\n\t\t\t<div class=\"elementor-widget-wrap elementor-element-populated\">\n\t\t\t\t\t\t<div class=\"elementor-element elementor-element-d47156b elementor-widget elementor-widget-image\" data-id=\"d47156b\" data-element_type=\"widget\" data-e-type=\"widget\" data-widget_type=\"image.default\">\n\t\t\t\t<div class=\"elementor-widget-container\">\n\t\t\t\t\t\t\t\t\t\t\t\t\t\t\t\t<a href=\"https:\/\/bembomarabians.com\/\" target=\"_blank\" rel=\"noopener\">\n\t\t\t\t\t\t\t<img fetchpriority=\"high\" decoding=\"async\" width=\"800\" height=\"800\" src=\"https:\/\/bembomhoeve.nl\/wp-content\/uploads\/Bembom-Arabians-2.png\" class=\"attachment-large size-large wp-image-4473\" alt=\"\" srcset=\"https:\/\/bembomhoeve.nl\/wp-content\/uploads\/Bembom-Arabians-2.png 1024w, https:\/\/bembomhoeve.nl\/wp-content\/uploads\/Bembom-Arabians-2-300x300.png 300w, https:\/\/bembomhoeve.nl\/wp-content\/uploads\/Bembom-Arabians-2-150x150.png 150w, https:\/\/bembomhoeve.nl\/wp-content\/uploads\/Bembom-Arabians-2-768x768.png 768w, https:\/\/bembomhoeve.nl\/wp-content\/uploads\/Bembom-Arabians-2-12x12.png 12w\" sizes=\"(max-width: 800px) 100vw, 800px\" \/>\t\t\t\t\t\t\t\t<\/a>\n\t\t\t\t\t\t\t\t\t\t\t\t\t\t\t<\/div>\n\t\t\t\t<\/div>\n\t\t\t\t\t<\/div>\n\t\t<\/div>\n\t\t\t\t<div class=\"elementor-column elementor-col-33 elementor-top-column elementor-element elementor-element-75fc685\" data-id=\"75fc685\" data-element_type=\"column\" data-e-type=\"column\" data-settings=\"{&quot;background_background&quot;:&quot;classic&quot;}\">\n\t\t\t<div class=\"elementor-widget-wrap elementor-element-populated\">\n\t\t\t\t\t\t<div class=\"elementor-element elementor-element-cd31a2f elementor-widget elementor-widget-image\" data-id=\"cd31a2f\" data-element_type=\"widget\" data-e-type=\"widget\" data-widget_type=\"image.default\">\n\t\t\t\t<div class=\"elementor-widget-container\">\n\t\t\t\t\t\t\t\t\t\t\t\t\t\t\t\t<a href=\"https:\/\/bembomhoeve.nl\/de\/bembom-farm\/wohnmobilstellplatz-slagharen-camping-vechtdal\/\" target=\"_blank\">\n\t\t\t\t\t\t\t<img decoding=\"async\" width=\"800\" height=\"800\" src=\"https:\/\/bembomhoeve.nl\/wp-content\/uploads\/Camperplaats.png\" class=\"attachment-large size-large wp-image-4474\" alt=\"\" srcset=\"https:\/\/bembomhoeve.nl\/wp-content\/uploads\/Camperplaats.png 1024w, https:\/\/bembomhoeve.nl\/wp-content\/uploads\/Camperplaats-300x300.png 300w, https:\/\/bembomhoeve.nl\/wp-content\/uploads\/Camperplaats-150x150.png 150w, https:\/\/bembomhoeve.nl\/wp-content\/uploads\/Camperplaats-768x768.png 768w, https:\/\/bembomhoeve.nl\/wp-content\/uploads\/Camperplaats-12x12.png 12w\" sizes=\"(max-width: 800px) 100vw, 800px\" \/>\t\t\t\t\t\t\t\t<\/a>\n\t\t\t\t\t\t\t\t\t\t\t\t\t\t\t<\/div>\n\t\t\t\t<\/div>\n\t\t\t\t\t<\/div>\n\t\t<\/div>\n\t\t\t\t<div class=\"elementor-column elementor-col-33 elementor-top-column elementor-element elementor-element-ff165aa\" data-id=\"ff165aa\" data-element_type=\"column\" data-e-type=\"column\" data-settings=\"{&quot;background_background&quot;:&quot;classic&quot;}\">\n\t\t\t<div class=\"elementor-widget-wrap elementor-element-populated\">\n\t\t\t\t\t\t<div class=\"elementor-element elementor-element-60f3170 elementor-widget elementor-widget-image\" data-id=\"60f3170\" data-element_type=\"widget\" data-e-type=\"widget\" data-widget_type=\"image.default\">\n\t\t\t\t<div class=\"elementor-widget-container\">\n\t\t\t\t\t\t\t\t\t\t\t\t\t\t\t\t<a href=\"https:\/\/bembomhoeve.nl\/de\/bembom-farm\/ferienhausvermietung-slagharen\/\" target=\"_blank\">\n\t\t\t\t\t\t\t<img decoding=\"async\" width=\"800\" height=\"800\" src=\"https:\/\/bembomhoeve.nl\/wp-content\/uploads\/Sunset-Lodge-1.png\" class=\"attachment-large size-large wp-image-4475\" alt=\"\" srcset=\"https:\/\/bembomhoeve.nl\/wp-content\/uploads\/Sunset-Lodge-1.png 1024w, https:\/\/bembomhoeve.nl\/wp-content\/uploads\/Sunset-Lodge-1-300x300.png 300w, https:\/\/bembomhoeve.nl\/wp-content\/uploads\/Sunset-Lodge-1-150x150.png 150w, https:\/\/bembomhoeve.nl\/wp-content\/uploads\/Sunset-Lodge-1-768x768.png 768w, https:\/\/bembomhoeve.nl\/wp-content\/uploads\/Sunset-Lodge-1-12x12.png 12w\" sizes=\"(max-width: 800px) 100vw, 800px\" \/>\t\t\t\t\t\t\t\t<\/a>\n\t\t\t\t\t\t\t\t\t\t\t\t\t\t\t<\/div>\n\t\t\t\t<\/div>\n\t\t\t\t\t<\/div>\n\t\t<\/div>\n\t\t\t\t\t<\/div>\n\t\t<\/section>\n\t\t\t\t<section class=\"elementor-section elementor-top-section elementor-element elementor-element-d768291 elementor-section-boxed elementor-section-height-default elementor-section-height-default\" data-id=\"d768291\" data-element_type=\"section\" data-e-type=\"section\" data-settings=\"{&quot;background_background&quot;:&quot;classic&quot;}\">\n\t\t\t\t\t\t<div class=\"elementor-container elementor-column-gap-default\">\n\t\t\t\t\t<div class=\"elementor-column elementor-col-100 elementor-top-column elementor-element elementor-element-9f1c42f\" data-id=\"9f1c42f\" data-element_type=\"column\" data-e-type=\"column\">\n\t\t\t<div class=\"elementor-widget-wrap elementor-element-populated\">\n\t\t\t\t\t\t<div class=\"elementor-element elementor-element-7f69457 elementor-widget elementor-widget-spacer\" data-id=\"7f69457\" data-element_type=\"widget\" data-e-type=\"widget\" data-widget_type=\"spacer.default\">\n\t\t\t\t<div class=\"elementor-widget-container\">\n\t\t\t\t\t\t\t<div class=\"elementor-spacer\">\n\t\t\t<div class=\"elementor-spacer-inner\"><\/div>\n\t\t<\/div>\n\t\t\t\t\t\t<\/div>\n\t\t\t\t<\/div>\n\t\t\t\t<div class=\"elementor-element elementor-element-d6503d4 elementor-widget elementor-widget-text-editor\" data-id=\"d6503d4\" data-element_type=\"widget\" data-e-type=\"widget\" data-widget_type=\"text-editor.default\">\n\t\t\t\t<div class=\"elementor-widget-container\">\n\t\t\t\t\t\t\t\t\t<p>Willkommen auf der Bembom Farm<\/p><p>Erleben Sie Ruhe, Raum und Natur auf der Bembom Hoeve. Ein einzigartiger Ort, an dem die Leidenschaft f\u00fcr das arabische Vollblutpferd auf ultimatives Vergn\u00fcgen trifft. Inmitten der gr\u00fcnen Landschaft wohnen Sie hier buchst\u00e4blich zwischen den Pferden und haben \u00fcberall Aussicht auf <a href=\"https:\/\/bembomarabians.com\/\" target=\"_blank\" rel=\"noopener\">unsere eleganten Araber<\/a>.<\/p><p>Ob Sie nun zum Entspannen kommen, die Natur entdecken oder einfach nur dem Alltag entfliehen wollen: Bei uns finden Sie die ultimative Urlaubsatmosph\u00e4re. Unser stimmungsvolles <a href=\"https:\/\/bembomhoeve.nl\/de\/bembom-farm\/wohnmobilstellplatz-slagharen-camping-vechtdal\/\">Wohnmobilstellplatz<\/a> mit 15 ger\u00e4umigen Stellpl\u00e4tzen bietet jeden Komfort f\u00fcr einen unbeschwerten Aufenthalt, w\u00e4hrend Sie jeden Tag von Ruhe und weiten Ausblicken umgeben sind.<\/p><p>Suchen Sie etwas ganz Besonderes? Bleiben Sie in unserem charmanten <a href=\"https:\/\/bembomhoeve.nl\/de\/bembom-farm\/ferienhausvermietung-slagharen\/\">Sunset Lodge<\/a>, wo Sie Privatsph\u00e4re, Luxus und unvergessliche Sonnenunterg\u00e4nge genie\u00dfen k\u00f6nnen. Mit Blick auf die Pferde, nat\u00fcrlich.<\/p><p>Die Bembom Hoeve ist mehr als ein Aufenthalt. Es ist ein Erlebnis. Ein Ort zum Auftanken, Entschleunigen und Genie\u00dfen der Natur, mit der Magie der arabischen Pferde immer in der N\u00e4he.<\/p><p>Willkommen f\u00fchlen. Entdecken, entspannen, erleben.<\/p>\t\t\t\t\t\t\t\t<\/div>\n\t\t\t\t<\/div>\n\t\t\t\t<div class=\"elementor-element elementor-element-983de51 elementor-widget elementor-widget-spacer\" data-id=\"983de51\" data-element_type=\"widget\" data-e-type=\"widget\" data-widget_type=\"spacer.default\">\n\t\t\t\t<div class=\"elementor-widget-container\">\n\t\t\t\t\t\t\t<div class=\"elementor-spacer\">\n\t\t\t<div class=\"elementor-spacer-inner\"><\/div>\n\t\t<\/div>\n\t\t\t\t\t\t<\/div>\n\t\t\t\t<\/div>\n\t\t\t\t\t<\/div>\n\t\t<\/div>\n\t\t\t\t\t<\/div>\n\t\t<\/section>\n\t\t\t\t<\/div>","protected":false},"excerpt":{"rendered":"<p>Welkom op de Bembom Hoeve! Welkom bij de Bembom Hoeve Beleef rust, ruimte en natuur bij de Bembom Hoeve. Een unieke plek waar passie voor het Arabisch Volbloed Paard samenkomt met ultiem genieten. Te midden van het groene landschap verblijf je hier letterlijk tussen de paarden, met overal uitzicht op onze elegante Arabieren. Of je [&hellip;]<\/p>\n","protected":false},"author":1,"featured_media":2532,"parent":0,"menu_order":0,"comment_status":"closed","ping_status":"closed","template":"elementor_header_footer","meta":{"footnotes":""},"class_list":["post-2703","page","type-page","status-publish","has-post-thumbnail","hentry"],"_links":{"self":[{"href":"https:\/\/bembomhoeve.nl\/de\/wp-json\/wp\/v2\/pages\/2703","targetHints":{"allow":["GET"]}}],"collection":[{"href":"https:\/\/bembomhoeve.nl\/de\/wp-json\/wp\/v2\/pages"}],"about":[{"href":"https:\/\/bembomhoeve.nl\/de\/wp-json\/wp\/v2\/types\/page"}],"author":[{"embeddable":true,"href":"https:\/\/bembomhoeve.nl\/de\/wp-json\/wp\/v2\/users\/1"}],"replies":[{"embeddable":true,"href":"https:\/\/bembomhoeve.nl\/de\/wp-json\/wp\/v2\/comments?post=2703"}],"version-history":[{"count":122,"href":"https:\/\/bembomhoeve.nl\/de\/wp-json\/wp\/v2\/pages\/2703\/revisions"}],"predecessor-version":[{"id":4478,"href":"https:\/\/bembomhoeve.nl\/de\/wp-json\/wp\/v2\/pages\/2703\/revisions\/4478"}],"wp:featuredmedia":[{"embeddable":true,"href":"https:\/\/bembomhoeve.nl\/de\/wp-json\/wp\/v2\/media\/2532"}],"wp:attachment":[{"href":"https:\/\/bembomhoeve.nl\/de\/wp-json\/wp\/v2\/media?parent=2703"}],"curies":[{"name":"wp","href":"https:\/\/api.w.org\/{rel}","templated":true}]}}